{"id":525,"date":"2024-06-07T11:44:34","date_gmt":"2024-06-07T09:44:34","guid":{"rendered":"https:\/\/theoould.seriousweb.site\/mentions-legales\/"},"modified":"2024-07-17T15:03:38","modified_gmt":"2024-07-17T13:03:38","slug":"mentions-legales","status":"publish","type":"page","link":"https:\/\/theoould.com\/en\/mentions-legales\/","title":{"rendered":"Mentions l\u00e9gales"},"content":{"rendered":"\n<h2 class=\"wp-block-heading\"><strong>1. Pr\u00e9sentation du site web<\/strong><\/h2>\n\n<p>Conform\u00e9ment \u00e0 la loi n\u00b0 2004-2005 du 21 juin 2004 pour la confiance dans l\u2019\u00e9conomie num\u00e9rique, le site web theoould.com met \u00e0 disposition du public les informations concernant son entreprise.<\/p>\n\n<p>Eventuellement modifiables, nous vous invitons donc \u00e0 consulter les mentions l\u00e9gales le plus souvent possible, de mani\u00e8re \u00e0 en prendre connaissance fr\u00e9quemment.<\/p>\n\n<p>Le site theoould.com appartient \u00e0 THEO OULD.<\/p>\n\n<p>THEO OULD est responsable de la publication et de l\u2019administration du site, l\u2019adresse e-mail est la suivante : <a href=\"mailto:contact@flux-green-energy.com\">contact@theoould.com<\/a><\/p>\n\n<p>Le site theoould.com est h\u00e9berg\u00e9 par OVH , dont le si\u00e8ge social est localis\u00e9 \u00e0 l\u2019adresse suivante : OVH \u2013 Si\u00e8ge social : 2 rue Kellermann, 59100 ROUBAIX www.ovh.com<\/p>\n\n<h2 class=\"wp-block-heading\"><strong>2. Conditions g\u00e9n\u00e9rales d\u2019utilisation du site et des services propos\u00e9s.<\/strong><\/h2>\n\n<p>En utilisant le site web theoould.com, vous acceptez pleinement et enti\u00e8rement les conditions g\u00e9n\u00e9rales d\u2019utilisation pr\u00e9cis\u00e9es dans nos mentions l\u00e9gales. Accessible \u00e0 tout type de visiteurs, il est important de pr\u00e9ciser toutefois qu\u2019une interruption pour maintenance du site web peut-\u00eatre d\u00e9cid\u00e9e par SAS SERIOUSWEB.<\/p>\n\n<h2 class=\"wp-block-heading\"><strong>3. Les services propos\u00e9s par theoould.com<\/strong><\/h2>\n\n<p>En accord avec sa politique de communication, le site theoould.com a pour vocation d\u2019informer les utilisateurs sur les services propos\u00e9s par THEO OULD, qui s\u2019efforce alors de fournir des informations pr\u00e9cises sur son activit\u00e9. Cependant, des inexactitudes ou des omissions peuvent exister : la soci\u00e9t\u00e9 ne pourra en aucun cas \u00eatre tenue pour responsable pour toute erreur pr\u00e9sente sur le site theoould.com.<\/p>\n\n<h2 class=\"wp-block-heading\"><strong>4. Limitations contractuelles<\/strong><\/h2>\n\n<p>Les informations retranscrites sur notre site web theoould.com font l\u2019objet de d\u00e9marches qualitatives, en vue de nous assurer de leur fiabilit\u00e9. Cependant, nous ne pourrons encourir de responsabilit\u00e9s en cas d\u2019inexactitudes techniques lors de nos explications.<\/p>\n\n<p>Si vous constatez une erreur concernant des informations que nous auront pu omettre, n\u2019h\u00e9sitez pas \u00e0 nous le signaler par mail \u00e0 Contact du responsable de publication.<\/p>\n\n<h2 class=\"wp-block-heading\"><strong>5. Propri\u00e9t\u00e9 intellectuelle et contenu du site Internet<\/strong><\/h2>\n\n<p>Le contenu r\u00e9dactionnel du site web theoould.com appartient exclusivement \u00e0 THEO OULD. En naviguant sur le site theoould.com, l\u2019utilisateur accepte \u00e9galement l\u2019installation de cookies \u00e9ventuelle sur son ordinateur.<\/p>\n\n<h2 class=\"wp-block-heading\"><strong>6. Donn\u00e9es personnelles, respect de votre vie priv\u00e9e et de vos libert\u00e9s<\/strong><\/h2>\n\n<p>Ce site n\u2019a pas fait l\u2019objet d\u2019une d\u00e9claration \u00e0 la CNIL en application de la dispense n7: D\u00e9lib\u00e9ration n2006-138 du 9 mai 2006 d\u00e9cidant de la dispense de d\u00e9claration des traitements constitu\u00e9s \u00e0 des fins d\u2019information ou de communication externe. N\u00e9anmoins il r\u00e9pond aux exigences de la loi informatique et libert\u00e9s en mati\u00e8re de donn\u00e9es personnelles.<\/p>\n\n<p>Ainsi, Les informations recueillies sur ce site sont \u00e0 destination unique de THEO OULD. Les informations sont par exemple des donn\u00e9es personnels comme votre adresse IP, il s&#8217;agit du num\u00e9ro d&#8217;identification attribu\u00e9 \u00e0 un ordinateur connect\u00e9 \u00e0 un r\u00e9seau Internet. Cette immatriculation est r\u00e9alis\u00e9e par l&#8217;ICANN (Internet Corporation for Assigned Names and Numbers). Pour connaitre votre adresse IP nous vous invitons \u00e0 vous rendre sur le site <a href=\"https:\/\/trouver-ip.info\/\">trouver-ip.info<\/a> qui permet de trouver son IP gratuitement et rapidement.<\/p>\n\n<p>Vous disposez d\u2019un droit d\u2019acc\u00e8s, de modification, de rectification et de suppression des donn\u00e9es vous concernant (loi \u00ab Informatique et Libert\u00e9s \u00bb du 6 janvier 1978).<\/p>\n\n<p>Pour toute demande, adressez-vous \u00e0 THEO OULD. Ces donn\u00e9es sont celles que vous aurez volontairement enregistr\u00e9es lors de vos demandes de contact. Aucune information personnelle vous concernant n\u2019est c\u00e9d\u00e9e \u00e0 des tiers ou utilis\u00e9e \u00e0 des fins non pr\u00e9vues.<\/p>\n\n<h2 class=\"wp-block-heading\"><strong>7. Droit applicable et lois concern\u00e9es<\/strong><\/h2>\n\n<p>Soumis au droit fran\u00e7ais, le site web theoould.com est encadr\u00e9 par la loi n\u00b0 2004-2005 du 21 juin 2004 pour la confiance dans l\u2019\u00e9conomie num\u00e9rique, l\u2019article L.335-2 du Code de la Propri\u00e9t\u00e9 Intellectuelle et la loi \u00ab informatique et libert\u00e9s \u00bb du 6 janvier 1978 modifi\u00e9e en 2004.<\/p>\n","protected":false},"excerpt":{"rendered":"<p>1. Pr\u00e9sentation du site web Conform\u00e9ment \u00e0 la loi n\u00b0 2004-2005 du 21 juin 2004 pour la confiance dans l\u2019\u00e9conomie num\u00e9rique, le site web theoould.com met \u00e0 disposition du public les informations concernant son entreprise. Eventuellement modifiables, nous vous invitons donc \u00e0 consulter les mentions l\u00e9gales le plus souvent possible, de mani\u00e8re \u00e0 en prendre [&hellip;]<\/p>\n","protected":false},"author":1,"featured_media":0,"parent":0,"menu_order":6,"comment_status":"closed","ping_status":"closed","template":"","meta":{"_acf_changed":false,"_seopress_robots_primary_cat":"","_seopress_titles_title":"","_seopress_titles_desc":"","_seopress_robots_index":"yes","footnotes":""},"class_list":["post-525","page","type-page","status-publish","hentry"],"acf":[],"_links":{"self":[{"href":"https:\/\/theoould.com\/en\/wp-json\/wp\/v2\/pages\/525","targetHints":{"allow":["GET"]}}],"collection":[{"href":"https:\/\/theoould.com\/en\/wp-json\/wp\/v2\/pages"}],"about":[{"href":"https:\/\/theoould.com\/en\/wp-json\/wp\/v2\/types\/page"}],"author":[{"embeddable":true,"href":"https:\/\/theoould.com\/en\/wp-json\/wp\/v2\/users\/1"}],"replies":[{"embeddable":true,"href":"https:\/\/theoould.com\/en\/wp-json\/wp\/v2\/comments?post=525"}],"version-history":[{"count":1,"href":"https:\/\/theoould.com\/en\/wp-json\/wp\/v2\/pages\/525\/revisions"}],"predecessor-version":[{"id":526,"href":"https:\/\/theoould.com\/en\/wp-json\/wp\/v2\/pages\/525\/revisions\/526"}],"wp:attachment":[{"href":"https:\/\/theoould.com\/en\/wp-json\/wp\/v2\/media?parent=525"}],"curies":[{"name":"wp","href":"https:\/\/api.w.org\/{rel}","templated":true}]}}